{"id":45,"date":"2017-12-28T22:26:14","date_gmt":"2017-12-28T22:26:14","guid":{"rendered":"https:\/\/tetrafarma.pt\/en\/?page_id=45"},"modified":"2021-12-14T16:35:36","modified_gmt":"2021-12-14T16:35:36","slug":"infarmed-news","status":"publish","type":"page","link":"https:\/\/tetrafarma.pt\/en\/infarmed-news\/","title":{"rendered":"Infarmed News"},"content":{"rendered":"[vc_row][vc_column][vc_column_text]<div class=\"feedzy-rss feedzy-ab1bc965980300bad4656d71bc7143de\"><ul>\n            <li  style=\"padding: 15px 0 25px\" class=\"rss_item\">\n                <span class=\"title\"><a href=\"https:\/\/www.infarmed.pt\/web\/infarmed\/rss-noticias\/-\/asset_publisher\/zQws9cSRmjar\/content\/id\/12949032\" target=\"_blank\" rel=\" noopener\">Infarmed lan\u00e7a ferramenta que permite acompanhar processos de financiamento de medicamentos no SNS<\/a><\/span>\n\t\t\t\t<div class=\"rss_content\" style=\"\">\n\t\t\t\t\t<small>\n\t\t\t\t\t\tby <a href=\"\/\/www.infarmed.pt\" target=\"_blank\" title=\"www.infarmed.pt\" >Nuno Noronha<\/a> on April 29, 2026 at 7:00 am \n\t\t\t\t\t<\/small>\n\t\t\t\t\t\n\t\t\t\t<\/div>\n\t\t\t<\/li>\n            \n            <li  style=\"padding: 15px 0 25px\" class=\"rss_item\">\n                <span class=\"title\"><a href=\"https:\/\/www.infarmed.pt\/web\/infarmed\/rss-noticias\/-\/asset_publisher\/zQws9cSRmjar\/content\/id\/12948061\" target=\"_blank\" rel=\" noopener\">Movymia, teriparatida, 0.25 mg\/ml, solu\u00e7\u00e3o injet\u00e1vel - Autoriza\u00e7\u00e3o de utiliza\u00e7\u00e3o de lotes rotulados em l\u00edngua estrangeira<\/a><\/span>\n\t\t\t\t<div class=\"rss_content\" style=\"\">\n\t\t\t\t\t<small>\n\t\t\t\t\t\tby <a href=\"\/\/www.infarmed.pt\" target=\"_blank\" title=\"www.infarmed.pt\" >laura leite<\/a> on April 28, 2026 at 1:18 pm \n\t\t\t\t\t<\/small>\n\t\t\t\t\t\n\t\t\t\t<\/div>\n\t\t\t<\/li>\n            \n            <li  style=\"padding: 15px 0 25px\" class=\"rss_item\">\n                <span class=\"title\"><a href=\"https:\/\/www.infarmed.pt\/web\/infarmed\/rss-noticias\/-\/asset_publisher\/zQws9cSRmjar\/content\/id\/12938736\" target=\"_blank\" rel=\" noopener\">EDQM publica orienta\u00e7\u00f5es sobre rastreabilidade de medicamentos em hospitais com participa\u00e7\u00e3o portuguesa<\/a><\/span>\n\t\t\t\t<div class=\"rss_content\" style=\"\">\n\t\t\t\t\t<small>\n\t\t\t\t\t\tby <a href=\"\/\/www.infarmed.pt\" target=\"_blank\" title=\"www.infarmed.pt\" >Nuno Noronha<\/a> on April 27, 2026 at 9:06 am \n\t\t\t\t\t<\/small>\n\t\t\t\t\t\n\t\t\t\t<\/div>\n\t\t\t<\/li>\n            \n            <li  style=\"padding: 15px 0 25px\" class=\"rss_item\">\n                <span class=\"title\"><a href=\"https:\/\/www.infarmed.pt\/web\/infarmed\/rss-noticias\/-\/asset_publisher\/zQws9cSRmjar\/content\/id\/12937516\" target=\"_blank\" rel=\" noopener\">Galliad [Germ\u00e2nio (68Ge) tetracloreto] | Relat\u00f3rio de avalia\u00e7\u00e3o de financiamento p\u00fablico dispon\u00edvel na Infomed | Deferimento<\/a><\/span>\n\t\t\t\t<div class=\"rss_content\" style=\"\">\n\t\t\t\t\t<small>\n\t\t\t\t\t\tby <a href=\"\/\/www.infarmed.pt\" target=\"_blank\" title=\"www.infarmed.pt\" >paula pinheiro<\/a> on April 24, 2026 at 3:18 pm \n\t\t\t\t\t<\/small>\n\t\t\t\t\t\n\t\t\t\t<\/div>\n\t\t\t<\/li>\n            \n            <li  style=\"padding: 15px 0 25px\" class=\"rss_item\">\n                <span class=\"title\"><a href=\"https:\/\/www.infarmed.pt\/web\/infarmed\/rss-noticias\/-\/asset_publisher\/zQws9cSRmjar\/content\/id\/12936044\" target=\"_blank\" rel=\" noopener\">Infarmed divulga indicadores de mar\u00e7o de 2026<\/a><\/span>\n\t\t\t\t<div class=\"rss_content\" style=\"\">\n\t\t\t\t\t<small>\n\t\t\t\t\t\tby <a href=\"\/\/www.infarmed.pt\" target=\"_blank\" title=\"www.infarmed.pt\" >sandra rijo<\/a> on April 23, 2026 at 5:06 pm \n\t\t\t\t\t<\/small>\n\t\t\t\t\t\n\t\t\t\t<\/div>\n\t\t\t<\/li>\n            \n            <li  style=\"padding: 15px 0 25px\" class=\"rss_item\">\n                <span class=\"title\"><a href=\"https:\/\/www.infarmed.pt\/web\/infarmed\/rss-noticias\/-\/asset_publisher\/zQws9cSRmjar\/content\/id\/12934901\" target=\"_blank\" rel=\" noopener\">EMA realiza sess\u00e3o informativa sobre dispositivos m\u00e9dicos inovadores<\/a><\/span>\n\t\t\t\t<div class=\"rss_content\" style=\"\">\n\t\t\t\t\t<small>\n\t\t\t\t\t\tby <a href=\"\/\/www.infarmed.pt\" target=\"_blank\" title=\"www.infarmed.pt\" >Nuno Noronha<\/a> on April 23, 2026 at 1:49 pm \n\t\t\t\t\t<\/small>\n\t\t\t\t\t\n\t\t\t\t<\/div>\n\t\t\t<\/li>\n            <\/ul> <\/div>[\/vc_column_text][\/vc_column][\/vc_row]\n","protected":false},"excerpt":{"rendered":"<p>[vc_row][vc_column][vc_column_text][\/vc_column_text][\/vc_column][\/vc_row]<\/p>\n","protected":false},"author":1,"featured_media":0,"parent":0,"menu_order":0,"comment_status":"closed","ping_status":"closed","template":"","meta":[],"categories":[],"tags":[],"yoast_head":"<!-- This site is optimized with the Yoast SEO plugin v17.3 - https:\/\/yoast.com\/wordpress\/plugins\/seo\/ -->\n<title>Infarmed News - Tetrafarma<\/title>\n<meta name=\"description\" content=\"Infarmed&#039;s latest news\" \/>\n<meta name=\"robots\" content=\"index, follow, max-snippet:-1, max-image-preview:large, max-video-preview:-1\" \/>\n<link rel=\"canonical\" href=\"https:\/\/tetrafarma.pt\/en\/infarmed-news\/\" \/>\n<meta property=\"og:locale\" content=\"en_US\" \/>\n<meta property=\"og:type\" content=\"article\" \/>\n<meta property=\"og:title\" content=\"Infarmed News - Tetrafarma\" \/>\n<meta property=\"og:description\" content=\"Infarmed&#039;s latest news\" \/>\n<meta property=\"og:url\" content=\"https:\/\/tetrafarma.pt\/en\/infarmed-news\/\" \/>\n<meta property=\"og:site_name\" content=\"Tetrafarma\" \/>\n<meta property=\"article:modified_time\" content=\"2021-12-14T16:35:36+00:00\" \/>\n<meta name=\"twitter:card\" content=\"summary_large_image\" \/>\n<meta name=\"twitter:label1\" content=\"Est. reading time\" \/>\n\t<meta name=\"twitter:data1\" content=\"1 minute\" \/>\n<script type=\"application\/ld+json\" class=\"yoast-schema-graph\">{\"@context\":\"https:\/\/schema.org\",\"@graph\":[{\"@type\":\"Organization\",\"@id\":\"https:\/\/tetrafarma.pt\/en\/#organization\",\"name\":\"Tetrafarma\",\"url\":\"https:\/\/tetrafarma.pt\/en\/\",\"sameAs\":[],\"logo\":{\"@type\":\"ImageObject\",\"@id\":\"https:\/\/tetrafarma.pt\/en\/#logo\",\"inLanguage\":\"en-US\",\"url\":\"https:\/\/tetrafarma.pt\/en\/wp-content\/uploads\/2017\/12\/tetrafarma_logos-01.png\",\"contentUrl\":\"https:\/\/tetrafarma.pt\/en\/wp-content\/uploads\/2017\/12\/tetrafarma_logos-01.png\",\"width\":865,\"height\":239,\"caption\":\"Tetrafarma\"},\"image\":{\"@id\":\"https:\/\/tetrafarma.pt\/en\/#logo\"}},{\"@type\":\"WebSite\",\"@id\":\"https:\/\/tetrafarma.pt\/en\/#website\",\"url\":\"https:\/\/tetrafarma.pt\/en\/\",\"name\":\"Tetrafarma\",\"description\":\"We work for the good of people\",\"publisher\":{\"@id\":\"https:\/\/tetrafarma.pt\/en\/#organization\"},\"potentialAction\":[{\"@type\":\"SearchAction\",\"target\":{\"@type\":\"EntryPoint\",\"urlTemplate\":\"https:\/\/tetrafarma.pt\/en\/?s={search_term_string}\"},\"query-input\":\"required name=search_term_string\"}],\"inLanguage\":\"en-US\"},{\"@type\":\"WebPage\",\"@id\":\"https:\/\/tetrafarma.pt\/en\/infarmed-news\/#webpage\",\"url\":\"https:\/\/tetrafarma.pt\/en\/infarmed-news\/\",\"name\":\"Infarmed News - Tetrafarma\",\"isPartOf\":{\"@id\":\"https:\/\/tetrafarma.pt\/en\/#website\"},\"datePublished\":\"2017-12-28T22:26:14+00:00\",\"dateModified\":\"2021-12-14T16:35:36+00:00\",\"description\":\"Infarmed's latest news\",\"breadcrumb\":{\"@id\":\"https:\/\/tetrafarma.pt\/en\/infarmed-news\/#breadcrumb\"},\"inLanguage\":\"en-US\",\"potentialAction\":[{\"@type\":\"ReadAction\",\"target\":[\"https:\/\/tetrafarma.pt\/en\/infarmed-news\/\"]}]},{\"@type\":\"BreadcrumbList\",\"@id\":\"https:\/\/tetrafarma.pt\/en\/infarmed-news\/#breadcrumb\",\"itemListElement\":[{\"@type\":\"ListItem\",\"position\":1,\"name\":\"Home\",\"item\":\"https:\/\/tetrafarma.pt\/en\/\"},{\"@type\":\"ListItem\",\"position\":2,\"name\":\"Infarmed News\"}]}]}<\/script>\n<!-- \/ Yoast SEO plugin. -->","yoast_head_json":{"title":"Infarmed News - Tetrafarma","description":"Infarmed's latest news","robots":{"index":"index","follow":"follow","max-snippet":"max-snippet:-1","max-image-preview":"max-image-preview:large","max-video-preview":"max-video-preview:-1"},"canonical":"https:\/\/tetrafarma.pt\/en\/infarmed-news\/","og_locale":"en_US","og_type":"article","og_title":"Infarmed News - Tetrafarma","og_description":"Infarmed's latest news","og_url":"https:\/\/tetrafarma.pt\/en\/infarmed-news\/","og_site_name":"Tetrafarma","article_modified_time":"2021-12-14T16:35:36+00:00","twitter_card":"summary_large_image","twitter_misc":{"Est. reading time":"1 minute"},"schema":{"@context":"https:\/\/schema.org","@graph":[{"@type":"Organization","@id":"https:\/\/tetrafarma.pt\/en\/#organization","name":"Tetrafarma","url":"https:\/\/tetrafarma.pt\/en\/","sameAs":[],"logo":{"@type":"ImageObject","@id":"https:\/\/tetrafarma.pt\/en\/#logo","inLanguage":"en-US","url":"https:\/\/tetrafarma.pt\/en\/wp-content\/uploads\/2017\/12\/tetrafarma_logos-01.png","contentUrl":"https:\/\/tetrafarma.pt\/en\/wp-content\/uploads\/2017\/12\/tetrafarma_logos-01.png","width":865,"height":239,"caption":"Tetrafarma"},"image":{"@id":"https:\/\/tetrafarma.pt\/en\/#logo"}},{"@type":"WebSite","@id":"https:\/\/tetrafarma.pt\/en\/#website","url":"https:\/\/tetrafarma.pt\/en\/","name":"Tetrafarma","description":"We work for the good of people","publisher":{"@id":"https:\/\/tetrafarma.pt\/en\/#organization"},"potentialAction":[{"@type":"SearchAction","target":{"@type":"EntryPoint","urlTemplate":"https:\/\/tetrafarma.pt\/en\/?s={search_term_string}"},"query-input":"required name=search_term_string"}],"inLanguage":"en-US"},{"@type":"WebPage","@id":"https:\/\/tetrafarma.pt\/en\/infarmed-news\/#webpage","url":"https:\/\/tetrafarma.pt\/en\/infarmed-news\/","name":"Infarmed News - Tetrafarma","isPartOf":{"@id":"https:\/\/tetrafarma.pt\/en\/#website"},"datePublished":"2017-12-28T22:26:14+00:00","dateModified":"2021-12-14T16:35:36+00:00","description":"Infarmed's latest news","breadcrumb":{"@id":"https:\/\/tetrafarma.pt\/en\/infarmed-news\/#breadcrumb"},"inLanguage":"en-US","potentialAction":[{"@type":"ReadAction","target":["https:\/\/tetrafarma.pt\/en\/infarmed-news\/"]}]},{"@type":"BreadcrumbList","@id":"https:\/\/tetrafarma.pt\/en\/infarmed-news\/#breadcrumb","itemListElement":[{"@type":"ListItem","position":1,"name":"Home","item":"https:\/\/tetrafarma.pt\/en\/"},{"@type":"ListItem","position":2,"name":"Infarmed News"}]}]}},"_links":{"self":[{"href":"https:\/\/tetrafarma.pt\/en\/wp-json\/wp\/v2\/pages\/45"}],"collection":[{"href":"https:\/\/tetrafarma.pt\/en\/wp-json\/wp\/v2\/pages"}],"about":[{"href":"https:\/\/tetrafarma.pt\/en\/wp-json\/wp\/v2\/types\/page"}],"author":[{"embeddable":true,"href":"https:\/\/tetrafarma.pt\/en\/wp-json\/wp\/v2\/users\/1"}],"replies":[{"embeddable":true,"href":"https:\/\/tetrafarma.pt\/en\/wp-json\/wp\/v2\/comments?post=45"}],"version-history":[{"count":8,"href":"https:\/\/tetrafarma.pt\/en\/wp-json\/wp\/v2\/pages\/45\/revisions"}],"predecessor-version":[{"id":866,"href":"https:\/\/tetrafarma.pt\/en\/wp-json\/wp\/v2\/pages\/45\/revisions\/866"}],"wp:attachment":[{"href":"https:\/\/tetrafarma.pt\/en\/wp-json\/wp\/v2\/media?parent=45"}],"wp:term":[{"taxonomy":"category","embeddable":true,"href":"https:\/\/tetrafarma.pt\/en\/wp-json\/wp\/v2\/categories?post=45"},{"taxonomy":"post_tag","embeddable":true,"href":"https:\/\/tetrafarma.pt\/en\/wp-json\/wp\/v2\/tags?post=45"}],"curies":[{"name":"wp","href":"https:\/\/api.w.org\/{rel}","templated":true}]}}