{"id":58,"date":"2017-12-28T23:15:43","date_gmt":"2017-12-28T23:15:43","guid":{"rendered":"https:\/\/tetrafarma.pt\/en\/?page_id=58"},"modified":"2021-12-14T16:33:42","modified_gmt":"2021-12-14T16:33:42","slug":"infarmed-alerts","status":"publish","type":"page","link":"https:\/\/tetrafarma.pt\/en\/infarmed-alerts\/","title":{"rendered":"Infarmed Alerts"},"content":{"rendered":"<div class=\"feedzy-rss feedzy-02a81a933cae787dd141c04217e884c2\"><ul>\n            <li  style=\"padding: 15px 0 25px\" class=\"rss_item\">\n                <span class=\"title\"><a href=\"https:\/\/www.infarmed.pt\/web\/infarmed\/rss-alertas\/-\/asset_publisher\/grlvtkM7UJK8\/content\/id\/12928036\" target=\"_blank\" rel=\" noopener\">Recolha volunt\u00e1ria de lotes | Gastrografina, solu\u00e7\u00e3o gastroent\u00e9rica e Urografina, solu\u00e7\u00e3o injet\u00e1vel<\/a><\/span>\n\t\t\t\t<div class=\"rss_content\" style=\"\">\n\t\t\t\t\t<small>\n\t\t\t\t\t\tby <a href=\"\/\/www.infarmed.pt\" target=\"_blank\" title=\"www.infarmed.pt\" >SATS<\/a> on April 16, 2026 at 11:00 pm \n\t\t\t\t\t<\/small>\n\t\t\t\t\t\n\t\t\t\t<\/div>\n\t\t\t<\/li>\n            \n            <li  style=\"padding: 15px 0 25px\" class=\"rss_item\">\n                <span class=\"title\"><a href=\"https:\/\/www.infarmed.pt\/web\/infarmed\/rss-alertas\/-\/asset_publisher\/grlvtkM7UJK8\/content\/id\/12667116\" target=\"_blank\" rel=\" noopener\">Recolha de lotes dos medicamentos Visipaque 320, Iodixanol e Omnipaque 350, Io-hexol<\/a><\/span>\n\t\t\t\t<div class=\"rss_content\" style=\"\">\n\t\t\t\t\t<small>\n\t\t\t\t\t\tby <a href=\"\/\/www.infarmed.pt\" target=\"_blank\" title=\"www.infarmed.pt\" >SATS<\/a> on April 1, 2026 at 11:00 pm \n\t\t\t\t\t<\/small>\n\t\t\t\t\t\n\t\t\t\t<\/div>\n\t\t\t<\/li>\n            \n            <li  style=\"padding: 15px 0 25px\" class=\"rss_item\">\n                <span class=\"title\"><a href=\"https:\/\/www.infarmed.pt\/web\/infarmed\/rss-alertas\/-\/asset_publisher\/grlvtkM7UJK8\/content\/id\/12659872\" target=\"_blank\" rel=\" noopener\">Recolha volunt\u00e1ria de lotes do medicamento Curosurf (Poractante alfa) - 120 mg-1.5 ml, suspens\u00e3o para instila\u00e7\u00e3o endotraqueobr\u00f4nquica<\/a><\/span>\n\t\t\t\t<div class=\"rss_content\" style=\"\">\n\t\t\t\t\t<small>\n\t\t\t\t\t\tby <a href=\"\/\/www.infarmed.pt\" target=\"_blank\" title=\"www.infarmed.pt\" >SATS<\/a> on March 29, 2026 at 11:00 pm \n\t\t\t\t\t<\/small>\n\t\t\t\t\t\n\t\t\t\t<\/div>\n\t\t\t<\/li>\n            \n            <li  style=\"padding: 15px 0 25px\" class=\"rss_item\">\n                <span class=\"title\"><a href=\"https:\/\/www.infarmed.pt\/web\/infarmed\/rss-alertas\/-\/asset_publisher\/grlvtkM7UJK8\/content\/id\/12657843\" target=\"_blank\" rel=\" noopener\">Suspens\u00e3o imediata da comercializa\u00e7\u00e3o e retirada do mercado do produto \"DIVES MED \/ Glow X9 Biorevitalization Peel 4ml\"<\/a><\/span>\n\t\t\t\t<div class=\"rss_content\" style=\"\">\n\t\t\t\t\t<small>\n\t\t\t\t\t\tby <a href=\"\/\/www.infarmed.pt\" target=\"_blank\" title=\"www.infarmed.pt\" >Mariana Falc\u00e3o<\/a> on March 27, 2026 at 4:26 pm \n\t\t\t\t\t<\/small>\n\t\t\t\t\t\n\t\t\t\t<\/div>\n\t\t\t<\/li>\n            \n            <li  style=\"padding: 15px 0 25px\" class=\"rss_item\">\n                <span class=\"title\"><a href=\"https:\/\/www.infarmed.pt\/web\/infarmed\/rss-alertas\/-\/asset_publisher\/grlvtkM7UJK8\/content\/id\/12588245\" target=\"_blank\" rel=\" noopener\">Suspens\u00e3o imediata e recolha volunt\u00e1ria de lotes | \u00c1gua Pura (Evoluderm)<\/a><\/span>\n\t\t\t\t<div class=\"rss_content\" style=\"\">\n\t\t\t\t\t<small>\n\t\t\t\t\t\tby <a href=\"\/\/www.infarmed.pt\" target=\"_blank\" title=\"www.infarmed.pt\" >Mariana Falc\u00e3o<\/a> on March 18, 2026 at 10:07 am \n\t\t\t\t\t<\/small>\n\t\t\t\t\t\n\t\t\t\t<\/div>\n\t\t\t<\/li>\n            <\/ul> <\/div>\n","protected":false},"excerpt":{"rendered":"Recolha volunt\u00e1ria de lotes | Gastrografina, solu\u00e7\u00e3o gastroent\u00e9rica e Urografina, solu\u00e7\u00e3o injet\u00e1vel by SATS on April 16, 2026 at 11:00 pm Recolha de lotes dos medicamentos Visipaque 320, Iodixanol e Omnipaque 350, Io-hexol by SATS on April 1, 2026 at 11:00 pm Recolha volunt\u00e1ria de lotes do medicamento Curosurf (Poractante alfa) - 120 mg-1.5 ml, [...]","protected":false},"author":1,"featured_media":0,"parent":0,"menu_order":0,"comment_status":"closed","ping_status":"closed","template":"","meta":[],"categories":[],"tags":[],"yoast_head":"<!-- This site is optimized with the Yoast SEO plugin v17.3 - https:\/\/yoast.com\/wordpress\/plugins\/seo\/ -->\n<title>Infarmed Alerts - Tetrafarma<\/title>\n<meta name=\"description\" content=\"Alerts for the last 12 months of Infarmed. Security Alerts | Quality alerts \u00b7 Medicines for human use\" \/>\n<meta name=\"robots\" content=\"index, follow, max-snippet:-1, max-image-preview:large, max-video-preview:-1\" \/>\n<link rel=\"canonical\" href=\"https:\/\/tetrafarma.pt\/en\/infarmed-alerts\/\" \/>\n<meta property=\"og:locale\" content=\"en_US\" \/>\n<meta property=\"og:type\" content=\"article\" \/>\n<meta property=\"og:title\" content=\"Infarmed Alerts - Tetrafarma\" \/>\n<meta property=\"og:description\" content=\"Alerts for the last 12 months of Infarmed. Security Alerts | Quality alerts \u00b7 Medicines for human use\" \/>\n<meta property=\"og:url\" content=\"https:\/\/tetrafarma.pt\/en\/infarmed-alerts\/\" \/>\n<meta property=\"og:site_name\" content=\"Tetrafarma\" \/>\n<meta property=\"article:modified_time\" content=\"2021-12-14T16:33:42+00:00\" \/>\n<meta name=\"twitter:card\" content=\"summary_large_image\" \/>\n<meta name=\"twitter:label1\" content=\"Est. reading time\" \/>\n\t<meta name=\"twitter:data1\" content=\"1 minute\" \/>\n<script type=\"application\/ld+json\" class=\"yoast-schema-graph\">{\"@context\":\"https:\/\/schema.org\",\"@graph\":[{\"@type\":\"Organization\",\"@id\":\"https:\/\/tetrafarma.pt\/en\/#organization\",\"name\":\"Tetrafarma\",\"url\":\"https:\/\/tetrafarma.pt\/en\/\",\"sameAs\":[],\"logo\":{\"@type\":\"ImageObject\",\"@id\":\"https:\/\/tetrafarma.pt\/en\/#logo\",\"inLanguage\":\"en-US\",\"url\":\"https:\/\/tetrafarma.pt\/en\/wp-content\/uploads\/2017\/12\/tetrafarma_logos-01.png\",\"contentUrl\":\"https:\/\/tetrafarma.pt\/en\/wp-content\/uploads\/2017\/12\/tetrafarma_logos-01.png\",\"width\":865,\"height\":239,\"caption\":\"Tetrafarma\"},\"image\":{\"@id\":\"https:\/\/tetrafarma.pt\/en\/#logo\"}},{\"@type\":\"WebSite\",\"@id\":\"https:\/\/tetrafarma.pt\/en\/#website\",\"url\":\"https:\/\/tetrafarma.pt\/en\/\",\"name\":\"Tetrafarma\",\"description\":\"We work for the good of people\",\"publisher\":{\"@id\":\"https:\/\/tetrafarma.pt\/en\/#organization\"},\"potentialAction\":[{\"@type\":\"SearchAction\",\"target\":{\"@type\":\"EntryPoint\",\"urlTemplate\":\"https:\/\/tetrafarma.pt\/en\/?s={search_term_string}\"},\"query-input\":\"required name=search_term_string\"}],\"inLanguage\":\"en-US\"},{\"@type\":\"WebPage\",\"@id\":\"https:\/\/tetrafarma.pt\/en\/infarmed-alerts\/#webpage\",\"url\":\"https:\/\/tetrafarma.pt\/en\/infarmed-alerts\/\",\"name\":\"Infarmed Alerts - Tetrafarma\",\"isPartOf\":{\"@id\":\"https:\/\/tetrafarma.pt\/en\/#website\"},\"datePublished\":\"2017-12-28T23:15:43+00:00\",\"dateModified\":\"2021-12-14T16:33:42+00:00\",\"description\":\"Alerts for the last 12 months of Infarmed. Security Alerts | Quality alerts \\u00b7 Medicines for human use\",\"breadcrumb\":{\"@id\":\"https:\/\/tetrafarma.pt\/en\/infarmed-alerts\/#breadcrumb\"},\"inLanguage\":\"en-US\",\"potentialAction\":[{\"@type\":\"ReadAction\",\"target\":[\"https:\/\/tetrafarma.pt\/en\/infarmed-alerts\/\"]}]},{\"@type\":\"BreadcrumbList\",\"@id\":\"https:\/\/tetrafarma.pt\/en\/infarmed-alerts\/#breadcrumb\",\"itemListElement\":[{\"@type\":\"ListItem\",\"position\":1,\"name\":\"Home\",\"item\":\"https:\/\/tetrafarma.pt\/en\/\"},{\"@type\":\"ListItem\",\"position\":2,\"name\":\"Infarmed Alerts\"}]}]}<\/script>\n<!-- \/ Yoast SEO plugin. -->","yoast_head_json":{"title":"Infarmed Alerts - Tetrafarma","description":"Alerts for the last 12 months of Infarmed. Security Alerts | Quality alerts \u00b7 Medicines for human use","robots":{"index":"index","follow":"follow","max-snippet":"max-snippet:-1","max-image-preview":"max-image-preview:large","max-video-preview":"max-video-preview:-1"},"canonical":"https:\/\/tetrafarma.pt\/en\/infarmed-alerts\/","og_locale":"en_US","og_type":"article","og_title":"Infarmed Alerts - Tetrafarma","og_description":"Alerts for the last 12 months of Infarmed. Security Alerts | Quality alerts \u00b7 Medicines for human use","og_url":"https:\/\/tetrafarma.pt\/en\/infarmed-alerts\/","og_site_name":"Tetrafarma","article_modified_time":"2021-12-14T16:33:42+00:00","twitter_card":"summary_large_image","twitter_misc":{"Est. reading time":"1 minute"},"schema":{"@context":"https:\/\/schema.org","@graph":[{"@type":"Organization","@id":"https:\/\/tetrafarma.pt\/en\/#organization","name":"Tetrafarma","url":"https:\/\/tetrafarma.pt\/en\/","sameAs":[],"logo":{"@type":"ImageObject","@id":"https:\/\/tetrafarma.pt\/en\/#logo","inLanguage":"en-US","url":"https:\/\/tetrafarma.pt\/en\/wp-content\/uploads\/2017\/12\/tetrafarma_logos-01.png","contentUrl":"https:\/\/tetrafarma.pt\/en\/wp-content\/uploads\/2017\/12\/tetrafarma_logos-01.png","width":865,"height":239,"caption":"Tetrafarma"},"image":{"@id":"https:\/\/tetrafarma.pt\/en\/#logo"}},{"@type":"WebSite","@id":"https:\/\/tetrafarma.pt\/en\/#website","url":"https:\/\/tetrafarma.pt\/en\/","name":"Tetrafarma","description":"We work for the good of people","publisher":{"@id":"https:\/\/tetrafarma.pt\/en\/#organization"},"potentialAction":[{"@type":"SearchAction","target":{"@type":"EntryPoint","urlTemplate":"https:\/\/tetrafarma.pt\/en\/?s={search_term_string}"},"query-input":"required name=search_term_string"}],"inLanguage":"en-US"},{"@type":"WebPage","@id":"https:\/\/tetrafarma.pt\/en\/infarmed-alerts\/#webpage","url":"https:\/\/tetrafarma.pt\/en\/infarmed-alerts\/","name":"Infarmed Alerts - Tetrafarma","isPartOf":{"@id":"https:\/\/tetrafarma.pt\/en\/#website"},"datePublished":"2017-12-28T23:15:43+00:00","dateModified":"2021-12-14T16:33:42+00:00","description":"Alerts for the last 12 months of Infarmed. Security Alerts | Quality alerts \u00b7 Medicines for human use","breadcrumb":{"@id":"https:\/\/tetrafarma.pt\/en\/infarmed-alerts\/#breadcrumb"},"inLanguage":"en-US","potentialAction":[{"@type":"ReadAction","target":["https:\/\/tetrafarma.pt\/en\/infarmed-alerts\/"]}]},{"@type":"BreadcrumbList","@id":"https:\/\/tetrafarma.pt\/en\/infarmed-alerts\/#breadcrumb","itemListElement":[{"@type":"ListItem","position":1,"name":"Home","item":"https:\/\/tetrafarma.pt\/en\/"},{"@type":"ListItem","position":2,"name":"Infarmed Alerts"}]}]}},"_links":{"self":[{"href":"https:\/\/tetrafarma.pt\/en\/wp-json\/wp\/v2\/pages\/58"}],"collection":[{"href":"https:\/\/tetrafarma.pt\/en\/wp-json\/wp\/v2\/pages"}],"about":[{"href":"https:\/\/tetrafarma.pt\/en\/wp-json\/wp\/v2\/types\/page"}],"author":[{"embeddable":true,"href":"https:\/\/tetrafarma.pt\/en\/wp-json\/wp\/v2\/users\/1"}],"replies":[{"embeddable":true,"href":"https:\/\/tetrafarma.pt\/en\/wp-json\/wp\/v2\/comments?post=58"}],"version-history":[{"count":5,"href":"https:\/\/tetrafarma.pt\/en\/wp-json\/wp\/v2\/pages\/58\/revisions"}],"predecessor-version":[{"id":913,"href":"https:\/\/tetrafarma.pt\/en\/wp-json\/wp\/v2\/pages\/58\/revisions\/913"}],"wp:attachment":[{"href":"https:\/\/tetrafarma.pt\/en\/wp-json\/wp\/v2\/media?parent=58"}],"wp:term":[{"taxonomy":"category","embeddable":true,"href":"https:\/\/tetrafarma.pt\/en\/wp-json\/wp\/v2\/categories?post=58"},{"taxonomy":"post_tag","embeddable":true,"href":"https:\/\/tetrafarma.pt\/en\/wp-json\/wp\/v2\/tags?post=58"}],"curies":[{"name":"wp","href":"https:\/\/api.w.org\/{rel}","templated":true}]}}