{"id":64,"date":"2017-12-28T23:22:11","date_gmt":"2017-12-28T23:22:11","guid":{"rendered":"https:\/\/tetrafarma.pt\/en\/?page_id=64"},"modified":"2021-11-08T15:44:40","modified_gmt":"2021-11-08T15:44:40","slug":"referrel-links","status":"publish","type":"page","link":"https:\/\/tetrafarma.pt\/en\/referrel-links\/","title":{"rendered":"Referral Links"},"content":{"rendered":"[vc_row][vc_column][vc_column_text css=&#8221;.vc_custom_1634744757852{margin-bottom: 0px !important;}&#8221;]\n<h2>Here you will find the links of Orders and Associations in the Scope of Health<\/h2>\n<p><a href=\"http:\/\/www.min-saude.pt\/portal\" target=\"_blank\" rel=\"noopener\"><u>Minist\u00e9rio da Sa\u00fade<\/u><\/a><\/p>\n<p><a href=\"http:\/\/www.dgs.pt\/\" target=\"_blank\" rel=\"noopener\"><u>Direc\u00e7\u00e3o Geral da Sa\u00fade<\/u><\/a><\/p>\n<p><a href=\"http:\/\/www.ordemdosmedicos.pt\/\" target=\"_blank\" rel=\"noopener\"><u>Ordem dos M\u00e9dicos<\/u><\/a><\/p>\n<p><a href=\"http:\/\/www.ordemfarmaceuticos.pt\/\" target=\"_blank\" rel=\"noopener\"><u>Ordem dos Farmac\u00eauticos<\/u><\/a><\/p>\n<p><a href=\"http:\/\/www.ordemenfermeiros.pt\/\" target=\"_blank\" rel=\"noopener\"><u>Ordem dos Enfermeiros<\/u><\/a><\/p>\n<p><a href=\"http:\/\/www.arsnorte.min-saude.pt\/\" target=\"_blank\" rel=\"noopener\"><u>Administra\u00e7\u00e3o Regional de Sa\u00fade do Norte<\/u><\/a><\/p>\n<p><a href=\"http:\/\/www.arscentro.min-saude.pt\/\" target=\"_blank\" rel=\"noopener\"><u>Administra\u00e7\u00e3o Regional de Sa\u00fade do Centro<\/u><\/a><\/p>\n<p><a href=\"http:\/\/www.arslvt.min-saude.pt\/\" target=\"_blank\" rel=\"noopener\"><u>Administra\u00e7\u00e3o Regional de Sa\u00fade de Lisboa e Vale do Tejo.<\/u><\/a><\/p>\n<p><a href=\"http:\/\/www.arsalentejo.min-saude.pt\/\" target=\"_blank\" rel=\"noopener\"><u>Administra\u00e7\u00e3o Regional de Sa\u00fade do Alentejo<\/u><\/a><\/p>\n<p><a href=\"http:\/\/www.arsalgarve.min-saude.pt\/\" target=\"_blank\" rel=\"noopener\"><u>Administra\u00e7\u00e3o Regional de Sa\u00fade do Algarve<\/u><\/a><\/p>\n<p><a href=\"http:\/\/www.apifarma.pt\/default.aspx\" target=\"_blank\" rel=\"noopener\"><u>Apifarma<\/u><\/a><\/p>\n<p><a href=\"http:\/\/www.anf.pt\/\" target=\"_blank\" rel=\"noopener\"><u>Associa\u00e7\u00e3o Nacional de Farm\u00e1cias<\/u><\/a><\/p>\n<p><a href=\"http:\/\/farmacias.sapo.pt\/ target=\" rel=\"noopener\"><u>Farm\u00e1cias de Servi\u00e7o<\/u><\/a>[\/vc_column_text][\/vc_column][\/vc_row]\n","protected":false},"excerpt":{"rendered":"<p>[vc_row][vc_column][vc_column_text css=&#8221;.vc_custom_1634744757852{margin-bottom: 0px !important;}&#8221;] Here you will find the links of Orders and Associations in the Scope of Health Minist\u00e9rio da Sa\u00fade Direc\u00e7\u00e3o Geral da Sa\u00fade Ordem dos M\u00e9dicos Ordem dos Farmac\u00eauticos Ordem dos Enfermeiros Administra\u00e7\u00e3o Regional de Sa\u00fade do Norte Administra\u00e7\u00e3o Regional de Sa\u00fade do Centro Administra\u00e7\u00e3o Regional de Sa\u00fade de Lisboa e Vale [&hellip;]<\/p>\n","protected":false},"author":1,"featured_media":0,"parent":0,"menu_order":0,"comment_status":"closed","ping_status":"closed","template":"","meta":[],"categories":[],"tags":[],"yoast_head":"<!-- This site is optimized with the Yoast SEO plugin v17.3 - https:\/\/yoast.com\/wordpress\/plugins\/seo\/ -->\n<title>Referral Links - Tetrafarma<\/title>\n<meta name=\"description\" content=\"Links of Orders and Associations in the Scope of Health\" \/>\n<meta name=\"robots\" content=\"index, follow, max-snippet:-1, max-image-preview:large, max-video-preview:-1\" \/>\n<link rel=\"canonical\" href=\"https:\/\/tetrafarma.pt\/en\/referrel-links\/\" \/>\n<meta property=\"og:locale\" content=\"en_US\" \/>\n<meta property=\"og:type\" content=\"article\" \/>\n<meta property=\"og:title\" content=\"Referral Links - Tetrafarma\" \/>\n<meta property=\"og:description\" content=\"Links of Orders and Associations in the Scope of Health\" \/>\n<meta property=\"og:url\" content=\"https:\/\/tetrafarma.pt\/en\/referrel-links\/\" \/>\n<meta property=\"og:site_name\" content=\"Tetrafarma\" \/>\n<meta property=\"article:modified_time\" content=\"2021-11-08T15:44:40+00:00\" \/>\n<meta name=\"twitter:card\" content=\"summary_large_image\" \/>\n<meta name=\"twitter:label1\" content=\"Est. reading time\" \/>\n\t<meta name=\"twitter:data1\" content=\"1 minute\" \/>\n<script type=\"application\/ld+json\" class=\"yoast-schema-graph\">{\"@context\":\"https:\/\/schema.org\",\"@graph\":[{\"@type\":\"Organization\",\"@id\":\"https:\/\/tetrafarma.pt\/en\/#organization\",\"name\":\"Tetrafarma\",\"url\":\"https:\/\/tetrafarma.pt\/en\/\",\"sameAs\":[],\"logo\":{\"@type\":\"ImageObject\",\"@id\":\"https:\/\/tetrafarma.pt\/en\/#logo\",\"inLanguage\":\"en-US\",\"url\":\"https:\/\/tetrafarma.pt\/en\/wp-content\/uploads\/2017\/12\/tetrafarma_logos-01.png\",\"contentUrl\":\"https:\/\/tetrafarma.pt\/en\/wp-content\/uploads\/2017\/12\/tetrafarma_logos-01.png\",\"width\":865,\"height\":239,\"caption\":\"Tetrafarma\"},\"image\":{\"@id\":\"https:\/\/tetrafarma.pt\/en\/#logo\"}},{\"@type\":\"WebSite\",\"@id\":\"https:\/\/tetrafarma.pt\/en\/#website\",\"url\":\"https:\/\/tetrafarma.pt\/en\/\",\"name\":\"Tetrafarma\",\"description\":\"We work for the good of people\",\"publisher\":{\"@id\":\"https:\/\/tetrafarma.pt\/en\/#organization\"},\"potentialAction\":[{\"@type\":\"SearchAction\",\"target\":{\"@type\":\"EntryPoint\",\"urlTemplate\":\"https:\/\/tetrafarma.pt\/en\/?s={search_term_string}\"},\"query-input\":\"required name=search_term_string\"}],\"inLanguage\":\"en-US\"},{\"@type\":\"WebPage\",\"@id\":\"https:\/\/tetrafarma.pt\/en\/referrel-links\/#webpage\",\"url\":\"https:\/\/tetrafarma.pt\/en\/referrel-links\/\",\"name\":\"Referral Links - Tetrafarma\",\"isPartOf\":{\"@id\":\"https:\/\/tetrafarma.pt\/en\/#website\"},\"datePublished\":\"2017-12-28T23:22:11+00:00\",\"dateModified\":\"2021-11-08T15:44:40+00:00\",\"description\":\"Links of Orders and Associations in the Scope of Health\",\"breadcrumb\":{\"@id\":\"https:\/\/tetrafarma.pt\/en\/referrel-links\/#breadcrumb\"},\"inLanguage\":\"en-US\",\"potentialAction\":[{\"@type\":\"ReadAction\",\"target\":[\"https:\/\/tetrafarma.pt\/en\/referrel-links\/\"]}]},{\"@type\":\"BreadcrumbList\",\"@id\":\"https:\/\/tetrafarma.pt\/en\/referrel-links\/#breadcrumb\",\"itemListElement\":[{\"@type\":\"ListItem\",\"position\":1,\"name\":\"Home\",\"item\":\"https:\/\/tetrafarma.pt\/en\/\"},{\"@type\":\"ListItem\",\"position\":2,\"name\":\"Referral Links\"}]}]}<\/script>\n<!-- \/ Yoast SEO plugin. -->","yoast_head_json":{"title":"Referral Links - Tetrafarma","description":"Links of Orders and Associations in the Scope of Health","robots":{"index":"index","follow":"follow","max-snippet":"max-snippet:-1","max-image-preview":"max-image-preview:large","max-video-preview":"max-video-preview:-1"},"canonical":"https:\/\/tetrafarma.pt\/en\/referrel-links\/","og_locale":"en_US","og_type":"article","og_title":"Referral Links - Tetrafarma","og_description":"Links of Orders and Associations in the Scope of Health","og_url":"https:\/\/tetrafarma.pt\/en\/referrel-links\/","og_site_name":"Tetrafarma","article_modified_time":"2021-11-08T15:44:40+00:00","twitter_card":"summary_large_image","twitter_misc":{"Est. reading time":"1 minute"},"schema":{"@context":"https:\/\/schema.org","@graph":[{"@type":"Organization","@id":"https:\/\/tetrafarma.pt\/en\/#organization","name":"Tetrafarma","url":"https:\/\/tetrafarma.pt\/en\/","sameAs":[],"logo":{"@type":"ImageObject","@id":"https:\/\/tetrafarma.pt\/en\/#logo","inLanguage":"en-US","url":"https:\/\/tetrafarma.pt\/en\/wp-content\/uploads\/2017\/12\/tetrafarma_logos-01.png","contentUrl":"https:\/\/tetrafarma.pt\/en\/wp-content\/uploads\/2017\/12\/tetrafarma_logos-01.png","width":865,"height":239,"caption":"Tetrafarma"},"image":{"@id":"https:\/\/tetrafarma.pt\/en\/#logo"}},{"@type":"WebSite","@id":"https:\/\/tetrafarma.pt\/en\/#website","url":"https:\/\/tetrafarma.pt\/en\/","name":"Tetrafarma","description":"We work for the good of people","publisher":{"@id":"https:\/\/tetrafarma.pt\/en\/#organization"},"potentialAction":[{"@type":"SearchAction","target":{"@type":"EntryPoint","urlTemplate":"https:\/\/tetrafarma.pt\/en\/?s={search_term_string}"},"query-input":"required name=search_term_string"}],"inLanguage":"en-US"},{"@type":"WebPage","@id":"https:\/\/tetrafarma.pt\/en\/referrel-links\/#webpage","url":"https:\/\/tetrafarma.pt\/en\/referrel-links\/","name":"Referral Links - Tetrafarma","isPartOf":{"@id":"https:\/\/tetrafarma.pt\/en\/#website"},"datePublished":"2017-12-28T23:22:11+00:00","dateModified":"2021-11-08T15:44:40+00:00","description":"Links of Orders and Associations in the Scope of Health","breadcrumb":{"@id":"https:\/\/tetrafarma.pt\/en\/referrel-links\/#breadcrumb"},"inLanguage":"en-US","potentialAction":[{"@type":"ReadAction","target":["https:\/\/tetrafarma.pt\/en\/referrel-links\/"]}]},{"@type":"BreadcrumbList","@id":"https:\/\/tetrafarma.pt\/en\/referrel-links\/#breadcrumb","itemListElement":[{"@type":"ListItem","position":1,"name":"Home","item":"https:\/\/tetrafarma.pt\/en\/"},{"@type":"ListItem","position":2,"name":"Referral Links"}]}]}},"_links":{"self":[{"href":"https:\/\/tetrafarma.pt\/en\/wp-json\/wp\/v2\/pages\/64"}],"collection":[{"href":"https:\/\/tetrafarma.pt\/en\/wp-json\/wp\/v2\/pages"}],"about":[{"href":"https:\/\/tetrafarma.pt\/en\/wp-json\/wp\/v2\/types\/page"}],"author":[{"embeddable":true,"href":"https:\/\/tetrafarma.pt\/en\/wp-json\/wp\/v2\/users\/1"}],"replies":[{"embeddable":true,"href":"https:\/\/tetrafarma.pt\/en\/wp-json\/wp\/v2\/comments?post=64"}],"version-history":[{"count":2,"href":"https:\/\/tetrafarma.pt\/en\/wp-json\/wp\/v2\/pages\/64\/revisions"}],"predecessor-version":[{"id":798,"href":"https:\/\/tetrafarma.pt\/en\/wp-json\/wp\/v2\/pages\/64\/revisions\/798"}],"wp:attachment":[{"href":"https:\/\/tetrafarma.pt\/en\/wp-json\/wp\/v2\/media?parent=64"}],"wp:term":[{"taxonomy":"category","embeddable":true,"href":"https:\/\/tetrafarma.pt\/en\/wp-json\/wp\/v2\/categories?post=64"},{"taxonomy":"post_tag","embeddable":true,"href":"https:\/\/tetrafarma.pt\/en\/wp-json\/wp\/v2\/tags?post=64"}],"curies":[{"name":"wp","href":"https:\/\/api.w.org\/{rel}","templated":true}]}}